{"id":48384,"date":"2023-03-21T11:59:09","date_gmt":"2023-03-21T14:59:09","guid":{"rendered":"https:\/\/byfilgueira.com\/?page_id=48384"},"modified":"2023-03-21T12:04:35","modified_gmt":"2023-03-21T15:04:35","slug":"blog-2","status":"publish","type":"page","link":"https:\/\/byfilgueira.com\/index.php\/blog-2\/","title":{"rendered":"Informaci\u00f3n sobre pisos y zocalos !"},"content":{"rendered":"\n<div class=\"wp-block-media-text alignwide has-media-on-the-right is-stacked-on-mobile is-vertically-aligned-center has-background\" style=\"background-color:#f1f5c7;grid-template-columns:auto 45%\"><div class=\"wp-block-media-text__content\">\n<div class=\"wp-block-group\" style=\"padding-top:2em;padding-right:2em;padding-bottom:2em;padding-left:2em\"><div class=\"wp-block-group__inner-container is-layout-flow wp-block-group-is-layout-flow\">\n<p style=\"font-size:36px;line-height:1.2\">GU\u00cdA DE COLOCACI\u00d3N DE NUESTROS PISOS VIN\u00cdLICOS<\/p>\n\n\n\n<p class=\"has-extra-small-font-size\"><em>Para colocar los pisos vin\u00edlicos By Filgueira te recomendamos seguir una serie de pasos para que pueda lucir genial ! <\/em><\/p>\n\n\n\n<p><strong>Es importante tener en cuenta que no necesitaremos ni herramientas ni pegamentos para su instalaci\u00f3n !<\/strong><\/p>\n\n\n\n<ul class=\"wp-block-list\">\n<li>El primer paso ser\u00e1 conseguir una superficie plana y lisa en la cual poder instalar el piso vin\u00edlico <\/li>\n\n\n\n<li>Luego posicionaremos las primeras tablas contra la pared desde la cual empezaremos<\/li>\n\n\n\n<li>A continuaci\u00f3n empezaremos a encastrar las tablas como se muestra en el video , podemos jugar con las posiciones de las tablas para crear diferentes dise\u00f1os !!<\/li>\n\n\n\n<li>Y listo , as\u00ed de f\u00e1cil es colocar nuestros pisos ! <\/li>\n<\/ul>\n<\/div><\/div>\n<\/div><figure class=\"wp-block-media-text__media\"><video controls src=\"http:\/\/byfilgueira.com\/wp-content\/uploads\/2023\/03\/Diseno-sin-titulo-2.mp4\"><\/video><\/figure><\/div>\n\n\n\n<div class=\"wp-block-buttons is-layout-flex wp-block-buttons-is-layout-flex\">\n<div class=\"wp-block-button alignleft is-style-fill\"><a class=\"wp-block-button__link wp-element-button\" href=\"https:\/\/byfilgueira.com\/index.php\/producto\/pisos-vinilicos-con-particulas-de-piedra-extra-rigido\/\">Comprar Pisos Vin\u00edlicos<\/a><\/div>\n<\/div>\n\n\n\n<div class=\"wp-block-media-text alignwide is-stacked-on-mobile is-vertically-aligned-center has-background\" style=\"background-color:#fffdea;grid-template-columns:36% auto\"><figure class=\"wp-block-media-text__media\"><img loading=\"lazy\" decoding=\"async\" width=\"394\" height=\"338\" src=\"http:\/\/byfilgueira.com\/wp-content\/uploads\/2023\/03\/zocalos.jpg\" alt=\"\" class=\"wp-image-48388 size-full\" srcset=\"https:\/\/byfilgueira.com\/wp-content\/uploads\/2023\/03\/zocalos.jpg 394w, https:\/\/byfilgueira.com\/wp-content\/uploads\/2023\/03\/zocalos-300x257.jpg 300w\" sizes=\"auto, (max-width: 394px) 100vw, 394px\" \/><\/figure><div class=\"wp-block-media-text__content\">\n<div class=\"wp-block-group\" style=\"padding-top:2em;padding-right:2em;padding-bottom:2em;padding-left:2em\"><div class=\"wp-block-group__inner-container is-layout-flow wp-block-group-is-layout-flow\">\n<p style=\"font-size:36px;line-height:1.2\">POR QUE USAR NUESTROS ZOCALOS<\/p>\n\n\n\n<p class=\"has-extra-small-font-size\">Para obtener un buen acabado en tus pisos nuestros zocalos son tu mejor opci\u00f3n <\/p>\n\n\n\n<p class=\"has-extra-small-font-size\">Los z\u00f3calos de By Filgueira son compuestos en un %96 de poliestireno reciclado y                un %4 de poliestireno virgo <\/p>\n\n\n\n<p>Tener materiales reciclados dentro de tu hogar es una buena manera de ayudar con el medioambiente , y adem\u00e1s al tener materiales de buena calidad su duraci\u00f3n ser\u00e1 mas extensa ! <\/p>\n\n\n\n<p>Estos z\u00f3calos al ser de Poliestireno reciclado no se deforman en contacto con el agua ni el calor , ya que a diferencia de la madera no se hinchan , tambi\u00e9n cabe destacar que la estar en contacto con productos de limpieza , o otros qu\u00edmicos , no pierden su color !  <\/p>\n\n\n\n<p> <\/p>\n\n\n\n<p>Somos By Filgueira &amp; Filgueira ! <\/p>\n\n\n\n<p>096 185 252 \/ 096 608 748 <\/p>\n<\/div><\/div>\n<\/div><\/div>\n\n\n\n<div class=\"wp-block-buttons is-layout-flex wp-block-buttons-is-layout-flex\">\n<div class=\"wp-block-button\"><a class=\"wp-block-button__link wp-element-button\" href=\"https:\/\/byfilgueira.com\/index.php\/producto\/perfiles-de-poliestireno-96-reciclado\/\">Comprar Zocalos <\/a><\/div>\n<\/div>\n","protected":false},"excerpt":{"rendered":"","protected":false},"author":3,"featured_media":0,"parent":0,"menu_order":0,"comment_status":"closed","ping_status":"closed","template":"","meta":{"_uag_custom_page_level_css":"","jetpack_post_was_ever_published":false,"footnotes":""},"class_list":["post-48384","page","type-page","status-publish","hentry","description-off"],"uagb_featured_image_src":{"full":false,"thumbnail":false,"medium":false,"medium_large":false,"large":false,"1536x1536":false,"2048x2048":false,"woocommerce_thumbnail":false,"woocommerce_single":false,"woocommerce_gallery_thumbnail":false},"uagb_author_info":{"display_name":"Nataly Gonzalez","author_link":"https:\/\/byfilgueira.com\/index.php\/author\/nataly\/"},"uagb_comment_info":0,"uagb_excerpt":null,"_links":{"self":[{"href":"https:\/\/byfilgueira.com\/index.php\/wp-json\/wp\/v2\/pages\/48384","targetHints":{"allow":["GET"]}}],"collection":[{"href":"https:\/\/byfilgueira.com\/index.php\/wp-json\/wp\/v2\/pages"}],"about":[{"href":"https:\/\/byfilgueira.com\/index.php\/wp-json\/wp\/v2\/types\/page"}],"author":[{"embeddable":true,"href":"https:\/\/byfilgueira.com\/index.php\/wp-json\/wp\/v2\/users\/3"}],"replies":[{"embeddable":true,"href":"https:\/\/byfilgueira.com\/index.php\/wp-json\/wp\/v2\/comments?post=48384"}],"version-history":[{"count":3,"href":"https:\/\/byfilgueira.com\/index.php\/wp-json\/wp\/v2\/pages\/48384\/revisions"}],"predecessor-version":[{"id":48391,"href":"https:\/\/byfilgueira.com\/index.php\/wp-json\/wp\/v2\/pages\/48384\/revisions\/48391"}],"wp:attachment":[{"href":"https:\/\/byfilgueira.com\/index.php\/wp-json\/wp\/v2\/media?parent=48384"}],"curies":[{"name":"wp","href":"https:\/\/api.w.org\/{rel}","templated":true}]}}