{"id":47664,"date":"2023-01-07T22:30:01","date_gmt":"2023-01-08T01:30:01","guid":{"rendered":"https:\/\/byfilgueira.com\/?post_type=product&#038;p=47664"},"modified":"2023-01-25T01:52:09","modified_gmt":"2023-01-25T04:52:09","slug":"ventana-corrediza-fija-riel-de-aluminio-y-accesorios-estandar","status":"publish","type":"product","link":"https:\/\/byfilgueira.com\/index.php\/producto\/ventana-corrediza-fija-riel-de-aluminio-y-accesorios-estandar\/","title":{"rendered":"Ventana Corrediza +  Fija (Riel de Aluminio y  accesorios est\u00e1ndar)"},"content":{"rendered":"<p>Las ventanas de UPVC generan un importante ahorro energ\u00e9tico en los hogares; en los \u00faltimos a\u00f1os estas son cada vez m\u00e1s utilizadas por las personas y empresas constructoras gracias al gran aislamiento termoac\u00fastico y al ahorro de energ\u00eda que ofrecen.<\/p>\n<p>Las ventanas de UPVC se caracterizan por su resistencia al viento, a la humedad, al impacto y a los agentes qu\u00edmicos. Son ventanas muy seguras, herm\u00e9ticas, y no propagan el fuego.<\/p>\n<p>Desde hace m\u00e1s de m\u00e1s de 60 a\u00f1os se utilizan en Europa, con una amplia aceptaci\u00f3n.<\/p>\n<p>Las ventanas de UPVC combinan dise\u00f1o, elegancia y confort, adem\u00e1s de la vivencia \u00fanica de estar en una casa eficiente con un gran aislamiento termoac\u00fastico.<\/p>\n<p>Actualmente nuestro pa\u00eds provee ventanas de UPVC para el mercado nacional con est\u00e1ndares de producci\u00f3n internacionales, cumpliendo con las m\u00e1s exigentes<br \/>\ncertificaciones y normas de calidad. Se caracterizan por su resistencia a la corrosi\u00f3n, al envejecimiento y al ataque qu\u00edmico, atmosf\u00e9rico y bacteriol\u00f3gico. No se deforman,no requieren mantenimiento especial, conservan su color y aspecto por a\u00f1os.<\/p>\n","protected":false},"excerpt":{"rendered":"<p>Las ventanas de UPVC combinan dise\u00f1o, elegancia y confort, adem\u00e1s de la vivencia \u00fanica de estar en una casa eficiente con un gran aislamiento termoac\u00fastico.<\/p>\n","protected":false},"featured_media":48165,"comment_status":"open","ping_status":"closed","template":"","meta":{"_uag_custom_page_level_css":"","jetpack_post_was_ever_published":false},"product_cat":[268,271],"product_tag":[],"class_list":["post-47664","product","type-product","status-publish","has-post-thumbnail","hentry","product_cat-aberturas","product_cat-upvc","pa_color-negro-mate"],"uagb_featured_image_src":{"full":["https:\/\/byfilgueira.com\/wp-content\/uploads\/2023\/01\/Ub879d99e04a942dc8fbf2360f4af876ep.jpg_720x720q50.webp",720,548,false],"thumbnail":["https:\/\/byfilgueira.com\/wp-content\/uploads\/2023\/01\/Ub879d99e04a942dc8fbf2360f4af876ep.jpg_720x720q50-150x150.webp",150,150,true],"medium":["https:\/\/byfilgueira.com\/wp-content\/uploads\/2023\/01\/Ub879d99e04a942dc8fbf2360f4af876ep.jpg_720x720q50-300x228.webp",300,228,true],"medium_large":["https:\/\/byfilgueira.com\/wp-content\/uploads\/2023\/01\/Ub879d99e04a942dc8fbf2360f4af876ep.jpg_720x720q50.webp",720,548,false],"large":["https:\/\/byfilgueira.com\/wp-content\/uploads\/2023\/01\/Ub879d99e04a942dc8fbf2360f4af876ep.jpg_720x720q50.webp",720,548,false],"1536x1536":["https:\/\/byfilgueira.com\/wp-content\/uploads\/2023\/01\/Ub879d99e04a942dc8fbf2360f4af876ep.jpg_720x720q50.webp",720,548,false],"2048x2048":["https:\/\/byfilgueira.com\/wp-content\/uploads\/2023\/01\/Ub879d99e04a942dc8fbf2360f4af876ep.jpg_720x720q50.webp",720,548,false],"woocommerce_thumbnail":["https:\/\/byfilgueira.com\/wp-content\/uploads\/2023\/01\/Ub879d99e04a942dc8fbf2360f4af876ep.jpg_720x720q50-600x548.webp",600,548,true],"woocommerce_single":["https:\/\/byfilgueira.com\/wp-content\/uploads\/2023\/01\/Ub879d99e04a942dc8fbf2360f4af876ep.jpg_720x720q50.webp",720,548,false],"woocommerce_gallery_thumbnail":["https:\/\/byfilgueira.com\/wp-content\/uploads\/2023\/01\/Ub879d99e04a942dc8fbf2360f4af876ep.jpg_720x720q50-200x200.webp",200,200,true]},"uagb_author_info":{"display_name":"Jonathan Alfonso","author_link":"https:\/\/byfilgueira.com\/index.php\/author\/"},"uagb_comment_info":0,"uagb_excerpt":"Las ventanas de UPVC combinan dise\u00f1o, elegancia y confort, adem\u00e1s de la vivencia \u00fanica de estar en una casa eficiente con un gran aislamiento termoac\u00fastico.","_links":{"self":[{"href":"https:\/\/byfilgueira.com\/index.php\/wp-json\/wp\/v2\/product\/47664","targetHints":{"allow":["GET"]}}],"collection":[{"href":"https:\/\/byfilgueira.com\/index.php\/wp-json\/wp\/v2\/product"}],"about":[{"href":"https:\/\/byfilgueira.com\/index.php\/wp-json\/wp\/v2\/types\/product"}],"replies":[{"embeddable":true,"href":"https:\/\/byfilgueira.com\/index.php\/wp-json\/wp\/v2\/comments?post=47664"}],"version-history":[{"count":2,"href":"https:\/\/byfilgueira.com\/index.php\/wp-json\/wp\/v2\/product\/47664\/revisions"}],"predecessor-version":[{"id":47668,"href":"https:\/\/byfilgueira.com\/index.php\/wp-json\/wp\/v2\/product\/47664\/revisions\/47668"}],"wp:featuredmedia":[{"embeddable":true,"href":"https:\/\/byfilgueira.com\/index.php\/wp-json\/wp\/v2\/media\/48165"}],"wp:attachment":[{"href":"https:\/\/byfilgueira.com\/index.php\/wp-json\/wp\/v2\/media?parent=47664"}],"wp:term":[{"taxonomy":"product_cat","embeddable":true,"href":"https:\/\/byfilgueira.com\/index.php\/wp-json\/wp\/v2\/product_cat?post=47664"},{"taxonomy":"product_tag","embeddable":true,"href":"https:\/\/byfilgueira.com\/index.php\/wp-json\/wp\/v2\/product_tag?post=47664"}],"curies":[{"name":"wp","href":"https:\/\/api.w.org\/{rel}","templated":true}]}}