{"id":47695,"date":"2023-01-07T23:50:44","date_gmt":"2023-01-08T02:50:44","guid":{"rendered":"https:\/\/byfilgueira.com\/?post_type=product&#038;p=47695"},"modified":"2025-01-23T15:22:01","modified_gmt":"2025-01-23T18:22:01","slug":"pisos-vinilicos-con-particulas-de-piedra-extra-rigido","status":"publish","type":"product","link":"https:\/\/byfilgueira.com\/index.php\/producto\/pisos-vinilicos-con-particulas-de-piedra-extra-rigido\/","title":{"rendered":"Pisos vin\u00edlicos SPC , sistema click"},"content":{"rendered":"<p>Nuestros pisos <span class=\"misspelling correction\" title=\"Se ha encontrado un posible error ortogr\u00e1fico.\" data-type=\"misspelling\" data-suggestions=\"[{&quot;value&quot;:&quot;vin\u00edlicos&quot;},{&quot;value&quot;:&quot;vin\u00edlico&quot;},{&quot;value&quot;:&quot;vin\u00edlicas&quot;}]\" data-rule=\"MORFOLOGIK_RULE_ES\" data-word=\"vinilicos\">vin\u00edlicos<\/span> son de suma calidad<span class=\"grammar correction\" title=\"Se deja un espacio despu\u00e9s de coma y nunca antes del signo ortogr\u00e1fico.\" data-type=\"grammar\" data-suggestions=\"[{&quot;value&quot;:&quot;,&quot;}]\" data-rule=\"COMMA_PARENTHESIS_WHITESPACE\" data-word=\" ,\">,<\/span> realizados con material reciclado<span class=\"grammar correction\" title=\"Se deja un espacio despu\u00e9s de coma y nunca antes del signo ortogr\u00e1fico.\" data-type=\"grammar\" data-suggestions=\"[{&quot;value&quot;:&quot;,&quot;}]\" data-rule=\"COMMA_PARENTHESIS_WHITESPACE\" data-word=\" ,\">,<\/span> con part\u00edculas de piedra extra <span class=\"misspelling correction\" title=\"Se ha encontrado un posible error ortogr\u00e1fico.\" data-type=\"misspelling\" data-suggestions=\"[{&quot;value&quot;:&quot;r\u00edgido&quot;},{&quot;value&quot;:&quot;erigido&quot;},{&quot;value&quot;:&quot;r\u00edgida&quot;},{&quot;value&quot;:&quot;regido&quot;},{&quot;value&quot;:&quot;r\u00edgidos&quot;},{&quot;value&quot;:&quot;rigi\u00f3&quot;},{&quot;value&quot;:&quot;rugido&quot;}]\" data-rule=\"MORFOLOGIK_RULE_ES\" data-word=\"rigido\">r\u00edgido<\/span><span class=\"grammar correction\" title=\"Se deja un espacio despu\u00e9s de coma y nunca antes del signo ortogr\u00e1fico.\" data-type=\"grammar\" data-suggestions=\"[{&quot;value&quot;:&quot;,&quot;}]\" data-rule=\"COMMA_PARENTHESIS_WHITESPACE\" data-word=\" ,\">,<\/span> <span class=\"misspelling correction\" title=\"Se ha encontrado un posible error ortogr\u00e1fico.\" data-type=\"misspelling\" data-suggestions=\"[{&quot;value&quot;:&quot;nuestros&quot;},{&quot;value&quot;:&quot;lustros&quot;},{&quot;value&quot;:&quot;rustros&quot;},{&quot;value&quot;:&quot;austros&quot;}]\" data-rule=\"MORFOLOGIK_RULE_ES\" data-word=\"nustros\">nuestros<\/span> pisos son de alto <span class=\"grammar correction\" title=\"Si es adjetivo o nombre, se escribe con tilde.\" data-type=\"grammar\" data-suggestions=\"[{&quot;value&quot;:&quot;tr\u00e1nsito&quot;}]\" data-rule=\"DIACRITICS_02\" data-word=\"transito\">tr\u00e1nsito<\/span><span class=\"grammar correction\" title=\"Se deja un espacio despu\u00e9s de coma y nunca antes del signo ortogr\u00e1fico.\" data-type=\"grammar\" data-suggestions=\"[{&quot;value&quot;:&quot;,&quot;}]\" data-rule=\"COMMA_PARENTHESIS_WHITESPACE\" data-word=\" ,\">,<\/span> <span class=\"grammar correction\" title=\"\u00bfQuer\u00eda decir \u00abest\u00e1n\u00bb?\" data-type=\"grammar\" data-suggestions=\"[{&quot;value&quot;:&quot;est\u00e1n&quot;}]\" data-rule=\"ES_SIMPLE_REPLACE_ESTAN\" data-word=\"estan\">est\u00e1n<\/span> realizados para recibir alto impacto<span class=\"grammar correction\" title=\"Se deja un espacio despu\u00e9s de coma y nunca antes del signo ortogr\u00e1fico.\" data-type=\"grammar\" data-suggestions=\"[{&quot;value&quot;:&quot;,&quot;}]\" data-rule=\"COMMA_PARENTHESIS_WHITESPACE\" data-word=\" ,\">,<\/span> tenemos una amplia gama de colores disponibles para combinar espacios con la mejor terminaci\u00f3n y elegancia que nuestros productos ofrecen<span class=\"grammar correction\" title=\"Se deja un espacio despu\u00e9s de coma y nunca antes del signo ortogr\u00e1fico.\" data-type=\"grammar\" data-suggestions=\"[{&quot;value&quot;:&quot;,&quot;}]\" data-rule=\"COMMA_PARENTHESIS_WHITESPACE\" data-word=\" ,\">,<\/span> su grosor es de 5,5 mm.<\/p>\n<p>Para su colocaci\u00f3n no es <span class=\"misspelling correction\" title=\"Se ha encontrado un posible error ortogr\u00e1fico.\" data-type=\"misspelling\" data-suggestions=\"[{&quot;value&quot;:&quot;necesario&quot;}]\" data-rule=\"MORFOLOGIK_RULE_ES\" data-word=\"nesecario\">necesario<\/span> pegamentos ni masa niveladora<span class=\"grammar correction\" title=\"Se deja un espacio despu\u00e9s de coma y nunca antes del signo ortogr\u00e1fico.\" data-type=\"grammar\" data-suggestions=\"[{&quot;value&quot;:&quot;,&quot;}]\" data-rule=\"COMMA_PARENTHESIS_WHITESPACE\" data-word=\" ,\">,<\/span> ya que cuenta con un sistema de <span class=\"grammar correction\" title=\"La graf\u00eda adecuada es \u00abclic\u00bb.\" data-type=\"grammar\" data-suggestions=\"[{&quot;value&quot;:&quot;clic&quot;}]\" data-rule=\"CLICK_CLIC\" data-word=\"click\">clic<\/span> que hace que su instalaci\u00f3n sea <span class=\"grammar correction\" title=\"Si no equivale a \u2018pero\u2019 o \u2018sino\u2019, se escribe con tilde.\" data-type=\"grammar\" data-suggestions=\"[{&quot;value&quot;:&quot;m\u00e1s&quot;}]\" data-rule=\"MAS\" data-word=\"mas\">m\u00e1s<\/span> <span class=\"misspelling correction\" title=\"Se ha encontrado un posible error ortogr\u00e1fico.\" data-type=\"misspelling\" data-suggestions=\"[{&quot;value&quot;:&quot;f\u00e1cil&quot;},{&quot;value&quot;:&quot;facial&quot;}]\" data-rule=\"MORFOLOGIK_RULE_ES\" data-word=\"facil\">f\u00e1cil<\/span> y <span class=\"grammar correction\" title=\"Si no equivale a \u2018pero\u2019 o \u2018sino\u2019, se escribe con tilde.\" data-type=\"grammar\" data-suggestions=\"[{&quot;value&quot;:&quot;m\u00e1s&quot;}]\" data-rule=\"MAS\" data-word=\"mas\">m\u00e1s<\/span> <span class=\"misspelling correction\" title=\"Se ha encontrado un posible error ortogr\u00e1fico.\" data-type=\"misspelling\" data-suggestions=\"[{&quot;value&quot;:&quot;r\u00e1pida&quot;},{&quot;value&quot;:&quot;r\u00e1pido&quot;},{&quot;value&quot;:&quot;l\u00e1pida&quot;},{&quot;value&quot;:&quot;r\u00e1pidas&quot;},{&quot;value&quot;:&quot;rapi\u00f1a&quot;},{&quot;value&quot;:&quot;rapada&quot;},{&quot;value&quot;:&quot;lapida&quot;}]\" data-rule=\"MORFOLOGIK_RULE_ES\" data-word=\"rapida\">r\u00e1pida<\/span> que los pisos tradicionales!!<\/p>\n<p>Cada <span class=\"misspelling correction\" title=\"Se ha encontrado un posible error ortogr\u00e1fico.\" data-type=\"misspelling\" data-suggestions=\"[{&quot;value&quot;:&quot;vin\u00edlico&quot;},{&quot;value&quot;:&quot;vin\u00edlica&quot;},{&quot;value&quot;:&quot;vin\u00edlicos&quot;}]\" data-rule=\"MORFOLOGIK_RULE_ES\" data-word=\"vinilico\">vin\u00edlico<\/span> se compone de varias capas, las cuales son primariamente un refuerzo de <span class=\"misspelling correction\" title=\"Se ha encontrado un posible error ortogr\u00e1fico.\" data-type=\"misspelling\" data-suggestions=\"[{&quot;value&quot;:&quot;polietileno&quot;},{&quot;value&quot;:&quot;poliestireno&quot;}]\" data-rule=\"MORFOLOGIK_RULE_ES\" data-word=\"poulietireno\">poliestireno<\/span> (<span class=\"error misspelling\" title=\"Se ha encontrado un posible error ortogr\u00e1fico.\" data-type=\"misspelling\" data-suggestions=\"[{&quot;value&quot;:&quot;POR&quot;},{&quot;value&quot;:&quot;SUR&quot;},{&quot;value&quot;:&quot;PAR&quot;},{&quot;value&quot;:&quot;PURA&quot;},{&quot;value&quot;:&quot;PURO&quot;},{&quot;value&quot;:&quot;PUR\u00c9&quot;},{&quot;value&quot;:&quot;PUS&quot;}]\" data-rule=\"MORFOLOGIK_RULE_ES\" data-word=\"PUR\">PUR<\/span>)<span class=\"grammar correction\" title=\"Se deja un espacio despu\u00e9s de coma y nunca antes del signo ortogr\u00e1fico.\" data-type=\"grammar\" data-suggestions=\"[{&quot;value&quot;:&quot;,&quot;}]\" data-rule=\"COMMA_PARENTHESIS_WHITESPACE\" data-word=\" ,\">,<\/span> el tratamiento <span class=\"error misspelling\" title=\"Se ha encontrado un posible error ortogr\u00e1fico.\" data-type=\"misspelling\" data-suggestions=\"[{&quot;value&quot;:&quot;POR&quot;},{&quot;value&quot;:&quot;SUR&quot;},{&quot;value&quot;:&quot;PAR&quot;},{&quot;value&quot;:&quot;PURA&quot;},{&quot;value&quot;:&quot;PURO&quot;},{&quot;value&quot;:&quot;PUR\u00c9&quot;},{&quot;value&quot;:&quot;PUS&quot;}]\" data-rule=\"MORFOLOGIK_RULE_ES\" data-word=\"PUR\">PUR<\/span> admite un <span class=\"misspelling correction\" title=\"Se ha encontrado un posible error ortogr\u00e1fico.\" data-type=\"misspelling\" data-suggestions=\"[{&quot;value&quot;:&quot;r\u00e9gimen&quot;},{&quot;value&quot;:&quot;redimen&quot;},{&quot;value&quot;:&quot;regime&quot;}]\" data-rule=\"MORFOLOGIK_RULE_ES\" data-word=\"regimen\">r\u00e9gimen<\/span> de limpieza simple. Una capa de desgaste en relieve transparente<span class=\"grammar correction\" title=\"Se deja un espacio despu\u00e9s de coma y nunca antes del signo ortogr\u00e1fico.\" data-type=\"grammar\" data-suggestions=\"[{&quot;value&quot;:&quot;,&quot;}]\" data-rule=\"COMMA_PARENTHESIS_WHITESPACE\" data-word=\" ,\">,<\/span> es resistente y protege la decoraci\u00f3n del producto<span class=\"grammar correction\" title=\"Se deja un espacio despu\u00e9s de coma y nunca antes del signo ortogr\u00e1fico.\" data-type=\"grammar\" data-suggestions=\"[{&quot;value&quot;:&quot;, &quot;}]\" data-rule=\"COMMA_PARENTHESIS_WHITESPACE\" data-word=\" ,\">, <\/span>luego una capa de decoraci\u00f3n la cual es una innovadora <span class=\"misspelling correction\" title=\"Se ha encontrado un posible error ortogr\u00e1fico.\" data-type=\"misspelling\" data-suggestions=\"[{&quot;value&quot;:&quot;t\u00e9cnica&quot;},{&quot;value&quot;:&quot;t\u00e9cnicas&quot;},{&quot;value&quot;:&quot;t\u00e9cnico&quot;}]\" data-rule=\"MORFOLOGIK_RULE_ES\" data-word=\"tecnica\">t\u00e9cnica<\/span> de impresi\u00f3n que hace que la pel\u00edcula de dise\u00f1o de alta claridad sea una verdadera representaci\u00f3n de materiales naturales<span class=\"grammar correction\" title=\"Se deja un espacio despu\u00e9s de coma y nunca antes del signo ortogr\u00e1fico.\" data-type=\"grammar\" data-suggestions=\"[{&quot;value&quot;:&quot;,&quot;}]\" data-rule=\"COMMA_PARENTHESIS_WHITESPACE\" data-word=\" ,\">,<\/span> tambi\u00e9n posee una capa <span class=\"error misspelling\" title=\"Se ha encontrado un posible error ortogr\u00e1fico.\" data-type=\"misspelling\" data-suggestions=\"[{&quot;value&quot;:&quot;los&quot;},{&quot;value&quot;:&quot;lo&quot;},{&quot;value&quot;:&quot;loco&quot;},{&quot;value&quot;:&quot;loca&quot;},{&quot;value&quot;:&quot;loa&quot;},{&quot;value&quot;:&quot;bloc&quot;},{&quot;value&quot;:&quot;loo&quot;}]\" data-rule=\"MORFOLOGIK_RULE_ES\" data-word=\"loc\">loc<\/span> r\u00edgida<span class=\"grammar correction\" title=\"Se deja un espacio despu\u00e9s de coma y nunca antes del signo ortogr\u00e1fico.\" data-type=\"grammar\" data-suggestions=\"[{&quot;value&quot;:&quot;,&quot;}]\" data-rule=\"COMMA_PARENTHESIS_WHITESPACE\" data-word=\" ,\">,<\/span> la capa estable puede ocultar imperfecciones del subsuelo y el mecanismo de bloqueo 5G-I permite una instalaci\u00f3n r\u00e1pida y f\u00e1cil<span class=\"grammar correction\" title=\"Se deja un espacio despu\u00e9s de coma y nunca antes del signo ortogr\u00e1fico.\" data-type=\"grammar\" data-suggestions=\"[{&quot;value&quot;:&quot;,&quot;}]\" data-rule=\"COMMA_PARENTHESIS_WHITESPACE\" data-word=\" ,\">,<\/span> por <span class=\"grammar correction\" title=\"Si es adjetivo, lleva tilde. Correcto si es del verbo \u2018ultimar\u2019.\" data-type=\"grammar\" data-suggestions=\"[{&quot;value&quot;:&quot;\u00faltimo&quot;}]\" data-rule=\"ULTIMO\" data-word=\"ultimo\">\u00faltimo<\/span> tiene una respaldo ac\u00fastico que ayuda a reducir el sonido de impacto y hace que el piso sea <span class=\"grammar correction\" title=\"Si no equivale a \u2018pero\u2019 o \u2018sino\u2019, se escribe con tilde.\" data-type=\"grammar\" data-suggestions=\"[{&quot;value&quot;:&quot;m\u00e1s&quot;}]\" data-rule=\"MAS\" data-word=\"mas\">m\u00e1s<\/span> suave y c\u00e1lido.<\/p>\n<p>&nbsp;<\/p>\n","protected":false},"excerpt":{"rendered":"<p>Nuestros pisos <span class=\"misspelling correction\" title=\"Se ha encontrado un posible error ortogr\u00e1fico.\" data-type=\"misspelling\" data-suggestions=\"[{&quot;value&quot;:&quot;vin\u00edlicos&quot;},{&quot;value&quot;:&quot;vin\u00edlico&quot;},{&quot;value&quot;:&quot;vin\u00edlicas&quot;}]\" data-rule=\"MORFOLOGIK_RULE_ES\" data-word=\"vinilicos\">vin\u00edlicos<\/span> son de suma calidad<span class=\"grammar correction\" title=\"Se deja un espacio despu\u00e9s de coma y nunca antes del signo ortogr\u00e1fico.\" data-type=\"grammar\" data-suggestions=\"[{&quot;value&quot;:&quot;,&quot;}]\" data-rule=\"COMMA_PARENTHESIS_WHITESPACE\" data-word=\" ,\">,<\/span> realizados con material reciclado<span class=\"grammar correction\" title=\"Se deja un espacio despu\u00e9s de coma y nunca antes del signo ortogr\u00e1fico.\" data-type=\"grammar\" data-suggestions=\"[{&quot;value&quot;:&quot;,&quot;}]\" data-rule=\"COMMA_PARENTHESIS_WHITESPACE\" data-word=\" ,\">,<\/span> con part\u00edculas de piedra extra <span class=\"misspelling correction\" title=\"Se ha encontrado un posible error ortogr\u00e1fico.\" data-type=\"misspelling\" data-suggestions=\"[{&quot;value&quot;:&quot;r\u00edgido&quot;},{&quot;value&quot;:&quot;erigido&quot;},{&quot;value&quot;:&quot;r\u00edgida&quot;},{&quot;value&quot;:&quot;regido&quot;},{&quot;value&quot;:&quot;r\u00edgidos&quot;},{&quot;value&quot;:&quot;rigi\u00f3&quot;},{&quot;value&quot;:&quot;rugido&quot;}]\" data-rule=\"MORFOLOGIK_RULE_ES\" data-word=\"rigido\">r\u00edgido<\/span><span class=\"grammar correction\" title=\"Se deja un espacio despu\u00e9s de coma y nunca antes del signo ortogr\u00e1fico.\" data-type=\"grammar\" data-suggestions=\"[{&quot;value&quot;:&quot;,&quot;}]\" data-rule=\"COMMA_PARENTHESIS_WHITESPACE\" data-word=\" ,\">,<\/span> <span class=\"misspelling correction\" title=\"Se ha encontrado un posible error ortogr\u00e1fico.\" data-type=\"misspelling\" data-suggestions=\"[{&quot;value&quot;:&quot;nuestros&quot;},{&quot;value&quot;:&quot;lustros&quot;},{&quot;value&quot;:&quot;rustros&quot;},{&quot;value&quot;:&quot;austros&quot;}]\" data-rule=\"MORFOLOGIK_RULE_ES\" data-word=\"nustros\">nuestros<\/span> pisos son de alto <span class=\"grammar correction\" title=\"Si es adjetivo o nombre, se escribe con tilde.\" data-type=\"grammar\" data-suggestions=\"[{&quot;value&quot;:&quot;tr\u00e1nsito&quot;}]\" data-rule=\"DIACRITICS_02\" data-word=\"transito\">tr\u00e1nsito<\/span><span class=\"grammar correction\" title=\"Se deja un espacio despu\u00e9s de coma y nunca antes del signo ortogr\u00e1fico.\" data-type=\"grammar\" data-suggestions=\"[{&quot;value&quot;:&quot;,&quot;}]\" data-rule=\"COMMA_PARENTHESIS_WHITESPACE\" data-word=\" ,\">,<\/span> <span class=\"grammar correction\" title=\"\u00bfQuer\u00eda decir \u00abest\u00e1n\u00bb?\" data-type=\"grammar\" data-suggestions=\"[{&quot;value&quot;:&quot;est\u00e1n&quot;}]\" data-rule=\"ES_SIMPLE_REPLACE_ESTAN\" data-word=\"estan\">est\u00e1n<\/span> realizados para recibir alto impacto<span class=\"grammar correction\" title=\"Se deja un espacio despu\u00e9s de coma y nunca antes del signo ortogr\u00e1fico.\" data-type=\"grammar\" data-suggestions=\"[{&quot;value&quot;:&quot;,&quot;}]\" data-rule=\"COMMA_PARENTHESIS_WHITESPACE\" data-word=\" ,\">,<\/span> tenemos una amplia gama de colores disponibles para combinar espacios con la mejor terminaci\u00f3n y elegancia que nuestros productos ofrecen<span class=\"grammar correction\" title=\"Se deja un espacio despu\u00e9s de coma y nunca antes del signo ortogr\u00e1fico.\" data-type=\"grammar\" data-suggestions=\"[{&quot;value&quot;:&quot;,&quot;}]\" data-rule=\"COMMA_PARENTHESIS_WHITESPACE\" data-word=\" ,\">,<\/span> su grosor es de 5,5 mm.<\/p>\n<p>Con sistema de instalaci\u00f3n clic , que hace que sea mas f\u00e1cil y no precise ning\u00fan tipo de material de fijaci\u00f3n , solo se encastran!!!<\/p>\n","protected":false},"featured_media":48435,"comment_status":"open","ping_status":"closed","template":"","meta":{"_uag_custom_page_level_css":"","jetpack_post_was_ever_published":false},"product_cat":[272],"product_tag":[],"class_list":["post-47695","product","type-product","status-publish","has-post-thumbnail","hentry","product_cat-pisos","pa_color-brasil","pa_color-cemento","pa_color-ice","pa_color-irlanda","pa_color-madrid","pa_color-napoles","pa_color-roble","pa_color-sahara","description-off"],"uagb_featured_image_src":{"full":["https:\/\/byfilgueira.com\/wp-content\/uploads\/2023\/01\/WhatsApp-Image-2023-08-30-at-18.30.21.jpeg",736,736,false],"thumbnail":["https:\/\/byfilgueira.com\/wp-content\/uploads\/2023\/01\/WhatsApp-Image-2023-08-30-at-18.30.21-150x150.jpeg",150,150,true],"medium":["https:\/\/byfilgueira.com\/wp-content\/uploads\/2023\/01\/WhatsApp-Image-2023-08-30-at-18.30.21-300x300.jpeg",300,300,true],"medium_large":["https:\/\/byfilgueira.com\/wp-content\/uploads\/2023\/01\/WhatsApp-Image-2023-08-30-at-18.30.21.jpeg",736,736,false],"large":["https:\/\/byfilgueira.com\/wp-content\/uploads\/2023\/01\/WhatsApp-Image-2023-08-30-at-18.30.21.jpeg",736,736,false],"1536x1536":["https:\/\/byfilgueira.com\/wp-content\/uploads\/2023\/01\/WhatsApp-Image-2023-08-30-at-18.30.21.jpeg",736,736,false],"2048x2048":["https:\/\/byfilgueira.com\/wp-content\/uploads\/2023\/01\/WhatsApp-Image-2023-08-30-at-18.30.21.jpeg",736,736,false],"woocommerce_thumbnail":["https:\/\/byfilgueira.com\/wp-content\/uploads\/2023\/01\/WhatsApp-Image-2023-08-30-at-18.30.21-600x600.jpeg",600,600,true],"woocommerce_single":["https:\/\/byfilgueira.com\/wp-content\/uploads\/2023\/01\/WhatsApp-Image-2023-08-30-at-18.30.21.jpeg",736,736,false],"woocommerce_gallery_thumbnail":["https:\/\/byfilgueira.com\/wp-content\/uploads\/2023\/01\/WhatsApp-Image-2023-08-30-at-18.30.21-200x200.jpeg",200,200,true]},"uagb_author_info":{"display_name":"Jonathan Alfonso","author_link":"https:\/\/byfilgueira.com\/index.php\/author\/"},"uagb_comment_info":0,"uagb_excerpt":"Nuestros pisos vin\u00edlicos son de suma calidad, realizados con material reciclado, con part\u00edculas de piedra extra r\u00edgido, nuestros pisos son de alto tr\u00e1nsito, est\u00e1n realizados para recibir alto impacto, tenemos una amplia gama de colores disponibles para combinar espacios con la mejor terminaci\u00f3n y elegancia que nuestros productos ofrecen, su grosor es de 5,5 mm.&hellip;","_links":{"self":[{"href":"https:\/\/byfilgueira.com\/index.php\/wp-json\/wp\/v2\/product\/47695","targetHints":{"allow":["GET"]}}],"collection":[{"href":"https:\/\/byfilgueira.com\/index.php\/wp-json\/wp\/v2\/product"}],"about":[{"href":"https:\/\/byfilgueira.com\/index.php\/wp-json\/wp\/v2\/types\/product"}],"replies":[{"embeddable":true,"href":"https:\/\/byfilgueira.com\/index.php\/wp-json\/wp\/v2\/comments?post=47695"}],"version-history":[{"count":4,"href":"https:\/\/byfilgueira.com\/index.php\/wp-json\/wp\/v2\/product\/47695\/revisions"}],"predecessor-version":[{"id":48440,"href":"https:\/\/byfilgueira.com\/index.php\/wp-json\/wp\/v2\/product\/47695\/revisions\/48440"}],"wp:featuredmedia":[{"embeddable":true,"href":"https:\/\/byfilgueira.com\/index.php\/wp-json\/wp\/v2\/media\/48435"}],"wp:attachment":[{"href":"https:\/\/byfilgueira.com\/index.php\/wp-json\/wp\/v2\/media?parent=47695"}],"wp:term":[{"taxonomy":"product_cat","embeddable":true,"href":"https:\/\/byfilgueira.com\/index.php\/wp-json\/wp\/v2\/product_cat?post=47695"},{"taxonomy":"product_tag","embeddable":true,"href":"https:\/\/byfilgueira.com\/index.php\/wp-json\/wp\/v2\/product_tag?post=47695"}],"curies":[{"name":"wp","href":"https:\/\/api.w.org\/{rel}","templated":true}]}}