{"id":47701,"date":"2023-01-08T00:09:10","date_gmt":"2023-01-08T03:09:10","guid":{"rendered":"https:\/\/byfilgueira.com\/?post_type=product&#038;p=47701"},"modified":"2024-06-04T15:58:50","modified_gmt":"2024-06-04T18:58:50","slug":"perfiles-de-poliestireno-96-reciclado","status":"publish","type":"product","link":"https:\/\/byfilgueira.com\/index.php\/producto\/perfiles-de-poliestireno-96-reciclado\/","title":{"rendered":"Perfiles de Poliestireno (96% reciclado)"},"content":{"rendered":"<p>Z\u00f3calos de poliestireno, compuestos en un 96% por Poliestireno Reciclado y un 4% Poliestireno Virgo.<\/p>\n<p>El acabado se realiza en tinta acr\u00edlica base solvente. La dilataci\u00f3n t\u00e9rmica es una caracter\u00edstica especifica de los materiales, es decir, todos sufren cambios de dimensiones en funci\u00f3n de la variaci\u00f3n de la temperatura .<\/p>\n<p>Esta variaci\u00f3n es diferente para cada material, pero es conocida, por lo tanto debemos calcular esta variaci\u00f3n para cada producto en funci\u00f3n de la longitud del producto. Tambi\u00e9n nuestros materiales no cambian sus caracter\u00edsticas si entran en contacto con el agua, igual que con los productos de limpieza.<\/p>\n","protected":false},"excerpt":{"rendered":"<p>Nuestros z\u00f3calos son de poliestireno, su composici\u00f3n se compone en un 96% por Poliestireno Reciclado y un 4% Poliestireno Virgo.<\/p>\n<p>Diltaci\u00f3n t\u00e9rmica, absorci\u00f3n de agua, resistencia a productos de limpieza y plagas.<\/p>\n","protected":false},"featured_media":47703,"comment_status":"open","ping_status":"closed","template":"","meta":{"_uag_custom_page_level_css":"","jetpack_post_was_ever_published":false},"product_cat":[274],"product_tag":[],"class_list":["post-47701","product","type-product","status-publish","has-post-thumbnail","hentry","product_cat-zocalos","pa_color-white","pa_material-poliestileno","description-off"],"uagb_featured_image_src":{"full":["https:\/\/byfilgueira.com\/wp-content\/uploads\/2023\/01\/004-zocalos.jpg",951,1269,false],"thumbnail":["https:\/\/byfilgueira.com\/wp-content\/uploads\/2023\/01\/004-zocalos-150x150.jpg",150,150,true],"medium":["https:\/\/byfilgueira.com\/wp-content\/uploads\/2023\/01\/004-zocalos-225x300.jpg",225,300,true],"medium_large":["https:\/\/byfilgueira.com\/wp-content\/uploads\/2023\/01\/004-zocalos-768x1025.jpg",768,1025,true],"large":["https:\/\/byfilgueira.com\/wp-content\/uploads\/2023\/01\/004-zocalos-767x1024.jpg",767,1024,true],"1536x1536":["https:\/\/byfilgueira.com\/wp-content\/uploads\/2023\/01\/004-zocalos.jpg",951,1269,false],"2048x2048":["https:\/\/byfilgueira.com\/wp-content\/uploads\/2023\/01\/004-zocalos.jpg",951,1269,false],"woocommerce_thumbnail":["https:\/\/byfilgueira.com\/wp-content\/uploads\/2023\/01\/004-zocalos-600x600.jpg",600,600,true],"woocommerce_single":["https:\/\/byfilgueira.com\/wp-content\/uploads\/2023\/01\/004-zocalos.jpg",951,1269,false],"woocommerce_gallery_thumbnail":["https:\/\/byfilgueira.com\/wp-content\/uploads\/2023\/01\/004-zocalos-200x200.jpg",200,200,true]},"uagb_author_info":{"display_name":"Jonathan Alfonso","author_link":"https:\/\/byfilgueira.com\/index.php\/author\/"},"uagb_comment_info":0,"uagb_excerpt":"Nuestros z\u00f3calos son de poliestireno, su composici\u00f3n se compone en un 96% por Poliestireno Reciclado y un 4% Poliestireno Virgo. Diltaci\u00f3n t\u00e9rmica, absorci\u00f3n de agua, resistencia a productos de limpieza y plagas.","_links":{"self":[{"href":"https:\/\/byfilgueira.com\/index.php\/wp-json\/wp\/v2\/product\/47701","targetHints":{"allow":["GET"]}}],"collection":[{"href":"https:\/\/byfilgueira.com\/index.php\/wp-json\/wp\/v2\/product"}],"about":[{"href":"https:\/\/byfilgueira.com\/index.php\/wp-json\/wp\/v2\/types\/product"}],"replies":[{"embeddable":true,"href":"https:\/\/byfilgueira.com\/index.php\/wp-json\/wp\/v2\/comments?post=47701"}],"version-history":[{"count":5,"href":"https:\/\/byfilgueira.com\/index.php\/wp-json\/wp\/v2\/product\/47701\/revisions"}],"predecessor-version":[{"id":48509,"href":"https:\/\/byfilgueira.com\/index.php\/wp-json\/wp\/v2\/product\/47701\/revisions\/48509"}],"wp:featuredmedia":[{"embeddable":true,"href":"https:\/\/byfilgueira.com\/index.php\/wp-json\/wp\/v2\/media\/47703"}],"wp:attachment":[{"href":"https:\/\/byfilgueira.com\/index.php\/wp-json\/wp\/v2\/media?parent=47701"}],"wp:term":[{"taxonomy":"product_cat","embeddable":true,"href":"https:\/\/byfilgueira.com\/index.php\/wp-json\/wp\/v2\/product_cat?post=47701"},{"taxonomy":"product_tag","embeddable":true,"href":"https:\/\/byfilgueira.com\/index.php\/wp-json\/wp\/v2\/product_tag?post=47701"}],"curies":[{"name":"wp","href":"https:\/\/api.w.org\/{rel}","templated":true}]}}