{"id":47722,"date":"2023-01-08T00:50:03","date_gmt":"2023-01-08T03:50:03","guid":{"rendered":"https:\/\/byfilgueira.com\/?post_type=product&#038;p=47722"},"modified":"2023-01-25T01:39:20","modified_gmt":"2023-01-25T04:39:20","slug":"cocinas","status":"publish","type":"product","link":"https:\/\/byfilgueira.com\/index.php\/producto\/cocinas\/","title":{"rendered":"Cocinas"},"content":{"rendered":"<p>Proyectadas en torno a la gestualidad del cocinar y la creatividad del vivir, las cocinas y living WINSTAR est\u00e1n pensadas para las exigencias y los espacios de quien las vive.<\/p>\n<p>Muchos materiales diversos, colores y configuraciones para acoger a los invitados, conversar y cocinar juntos. Un dise\u00f1o funcional y atemporal, pensado para la vida alrededor de lo cotidiano. Las mesadas de cocina de granito, silestone o m\u00e1rmol junto a nuestros MDF otorgan a la cocina y living una moderna sensaci\u00f3n material placentero para diario vivir en familia. Los luminosos reflejos de los acabados en MDF brillante o mate se caracterizan por lograr una terminaci\u00f3n especial que lo hace disfrutable en todo momento. Un material que garantiza durabilidad y belleza imperecedera gracias a una elevada resistencia unida a la facilidad de limpieza e higiene.<\/p>\n<p>Nuestro dise\u00f1os conjugan un ambiente cordial y amable para disfrutar de las cocinas y living en forma arminiosa con el medio ambiente.<\/p>\n","protected":false},"excerpt":{"rendered":"<p>Proyectadas en torno a la gestualidad del cocinar y la creatividad del vivir, las cocinas y living WINSTAR est\u00e1n pensadas para las exigencias y los espacios de quien las vive.<\/p>\n","protected":false},"featured_media":47723,"comment_status":"open","ping_status":"closed","template":"","meta":{"_uag_custom_page_level_css":"","jetpack_post_was_ever_published":false},"product_cat":[279],"product_tag":[],"class_list":["post-47722","product","type-product","status-publish","has-post-thumbnail","hentry","product_cat-cocinas","description-off"],"uagb_featured_image_src":{"full":["https:\/\/byfilgueira.com\/wp-content\/uploads\/2023\/01\/007-cocinas-a.jpg",963,736,false],"thumbnail":["https:\/\/byfilgueira.com\/wp-content\/uploads\/2023\/01\/007-cocinas-a-150x150.jpg",150,150,true],"medium":["https:\/\/byfilgueira.com\/wp-content\/uploads\/2023\/01\/007-cocinas-a-300x229.jpg",300,229,true],"medium_large":["https:\/\/byfilgueira.com\/wp-content\/uploads\/2023\/01\/007-cocinas-a-768x587.jpg",768,587,true],"large":["https:\/\/byfilgueira.com\/wp-content\/uploads\/2023\/01\/007-cocinas-a.jpg",963,736,false],"1536x1536":["https:\/\/byfilgueira.com\/wp-content\/uploads\/2023\/01\/007-cocinas-a.jpg",963,736,false],"2048x2048":["https:\/\/byfilgueira.com\/wp-content\/uploads\/2023\/01\/007-cocinas-a.jpg",963,736,false],"woocommerce_thumbnail":["https:\/\/byfilgueira.com\/wp-content\/uploads\/2023\/01\/007-cocinas-a-600x600.jpg",600,600,true],"woocommerce_single":["https:\/\/byfilgueira.com\/wp-content\/uploads\/2023\/01\/007-cocinas-a.jpg",963,736,false],"woocommerce_gallery_thumbnail":["https:\/\/byfilgueira.com\/wp-content\/uploads\/2023\/01\/007-cocinas-a-200x200.jpg",200,200,true]},"uagb_author_info":{"display_name":"Jonathan Alfonso","author_link":"https:\/\/byfilgueira.com\/index.php\/author\/"},"uagb_comment_info":0,"uagb_excerpt":"Proyectadas en torno a la gestualidad del cocinar y la creatividad del vivir, las cocinas y living WINSTAR est\u00e1n pensadas para las exigencias y los espacios de quien las vive.","_links":{"self":[{"href":"https:\/\/byfilgueira.com\/index.php\/wp-json\/wp\/v2\/product\/47722","targetHints":{"allow":["GET"]}}],"collection":[{"href":"https:\/\/byfilgueira.com\/index.php\/wp-json\/wp\/v2\/product"}],"about":[{"href":"https:\/\/byfilgueira.com\/index.php\/wp-json\/wp\/v2\/types\/product"}],"replies":[{"embeddable":true,"href":"https:\/\/byfilgueira.com\/index.php\/wp-json\/wp\/v2\/comments?post=47722"}],"version-history":[{"count":3,"href":"https:\/\/byfilgueira.com\/index.php\/wp-json\/wp\/v2\/product\/47722\/revisions"}],"predecessor-version":[{"id":47727,"href":"https:\/\/byfilgueira.com\/index.php\/wp-json\/wp\/v2\/product\/47722\/revisions\/47727"}],"wp:featuredmedia":[{"embeddable":true,"href":"https:\/\/byfilgueira.com\/index.php\/wp-json\/wp\/v2\/media\/47723"}],"wp:attachment":[{"href":"https:\/\/byfilgueira.com\/index.php\/wp-json\/wp\/v2\/media?parent=47722"}],"wp:term":[{"taxonomy":"product_cat","embeddable":true,"href":"https:\/\/byfilgueira.com\/index.php\/wp-json\/wp\/v2\/product_cat?post=47722"},{"taxonomy":"product_tag","embeddable":true,"href":"https:\/\/byfilgueira.com\/index.php\/wp-json\/wp\/v2\/product_tag?post=47722"}],"curies":[{"name":"wp","href":"https:\/\/api.w.org\/{rel}","templated":true}]}}