{"id":47728,"date":"2023-01-08T00:52:52","date_gmt":"2023-01-08T03:52:52","guid":{"rendered":"https:\/\/byfilgueira.com\/?post_type=product&#038;p=47728"},"modified":"2023-02-22T16:26:42","modified_gmt":"2023-02-22T19:26:42","slug":"griferia","status":"publish","type":"product","link":"https:\/\/byfilgueira.com\/index.php\/producto\/griferia\/","title":{"rendered":"Grifer\u00eda"},"content":{"rendered":"","protected":false},"excerpt":{"rendered":"<p>Contamos con amplia gama de modelos y colores de grifer\u00eda , de primera calidad con lineas Chiara, Milano y Ommix , productos de primera calidad para el mercado.<\/p>\n<p>nuestras l\u00edneas cuentan con 2 a 5 a\u00f1os de garant\u00eda<\/p>\n","protected":false},"featured_media":48342,"comment_status":"open","ping_status":"closed","template":"","meta":{"_uag_custom_page_level_css":"","jetpack_post_was_ever_published":false},"product_cat":[280],"product_tag":[],"class_list":["post-47728","product","type-product","status-publish","has-post-thumbnail","hentry","product_cat-griferia","pa_color-negro-mate","pa_color-amarillo","pa_color-blanco","pa_color-bordo","pa_color-dorado","pa_color-plateado","pa_color-rojo","pa_color-verde","description-off"],"uagb_featured_image_src":{"full":["https:\/\/byfilgueira.com\/wp-content\/uploads\/2023\/01\/pebblely-2.jpg",512,512,false],"thumbnail":["https:\/\/byfilgueira.com\/wp-content\/uploads\/2023\/01\/pebblely-2-150x150.jpg",150,150,true],"medium":["https:\/\/byfilgueira.com\/wp-content\/uploads\/2023\/01\/pebblely-2-300x300.jpg",300,300,true],"medium_large":["https:\/\/byfilgueira.com\/wp-content\/uploads\/2023\/01\/pebblely-2.jpg",512,512,false],"large":["https:\/\/byfilgueira.com\/wp-content\/uploads\/2023\/01\/pebblely-2.jpg",512,512,false],"1536x1536":["https:\/\/byfilgueira.com\/wp-content\/uploads\/2023\/01\/pebblely-2.jpg",512,512,false],"2048x2048":["https:\/\/byfilgueira.com\/wp-content\/uploads\/2023\/01\/pebblely-2.jpg",512,512,false],"woocommerce_thumbnail":["https:\/\/byfilgueira.com\/wp-content\/uploads\/2023\/01\/pebblely-2.jpg",512,512,false],"woocommerce_single":["https:\/\/byfilgueira.com\/wp-content\/uploads\/2023\/01\/pebblely-2.jpg",512,512,false],"woocommerce_gallery_thumbnail":["https:\/\/byfilgueira.com\/wp-content\/uploads\/2023\/01\/pebblely-2-200x200.jpg",200,200,true]},"uagb_author_info":{"display_name":"Jonathan Alfonso","author_link":"https:\/\/byfilgueira.com\/index.php\/author\/"},"uagb_comment_info":0,"uagb_excerpt":"Contamos con amplia gama de modelos y colores de grifer\u00eda , de primera calidad con lineas Chiara, Milano y Ommix , productos de primera calidad para el mercado. nuestras l\u00edneas cuentan con 2 a 5 a\u00f1os de garant\u00eda","_links":{"self":[{"href":"https:\/\/byfilgueira.com\/index.php\/wp-json\/wp\/v2\/product\/47728","targetHints":{"allow":["GET"]}}],"collection":[{"href":"https:\/\/byfilgueira.com\/index.php\/wp-json\/wp\/v2\/product"}],"about":[{"href":"https:\/\/byfilgueira.com\/index.php\/wp-json\/wp\/v2\/types\/product"}],"replies":[{"embeddable":true,"href":"https:\/\/byfilgueira.com\/index.php\/wp-json\/wp\/v2\/comments?post=47728"}],"version-history":[{"count":4,"href":"https:\/\/byfilgueira.com\/index.php\/wp-json\/wp\/v2\/product\/47728\/revisions"}],"predecessor-version":[{"id":48347,"href":"https:\/\/byfilgueira.com\/index.php\/wp-json\/wp\/v2\/product\/47728\/revisions\/48347"}],"wp:featuredmedia":[{"embeddable":true,"href":"https:\/\/byfilgueira.com\/index.php\/wp-json\/wp\/v2\/media\/48342"}],"wp:attachment":[{"href":"https:\/\/byfilgueira.com\/index.php\/wp-json\/wp\/v2\/media?parent=47728"}],"wp:term":[{"taxonomy":"product_cat","embeddable":true,"href":"https:\/\/byfilgueira.com\/index.php\/wp-json\/wp\/v2\/product_cat?post=47728"},{"taxonomy":"product_tag","embeddable":true,"href":"https:\/\/byfilgueira.com\/index.php\/wp-json\/wp\/v2\/product_tag?post=47728"}],"curies":[{"name":"wp","href":"https:\/\/api.w.org\/{rel}","templated":true}]}}