{"id":47744,"date":"2023-01-08T01:21:14","date_gmt":"2023-01-08T04:21:14","guid":{"rendered":"https:\/\/byfilgueira.com\/?post_type=product&#038;p=47744"},"modified":"2025-01-23T15:56:55","modified_gmt":"2025-01-23T18:56:55","slug":"revestiminetos-wpc","status":"publish","type":"product","link":"https:\/\/byfilgueira.com\/index.php\/producto\/revestiminetos-wpc\/","title":{"rendered":"Revestimientos WPC"},"content":{"rendered":"<p>En Verotal Importaciones, nos especializamos en ofrecer productos premium que transforman tus ideas en realidad. Importamos el revestimiento WPC de los mejores proveedores internacionales para garantizarte calidad, dise\u00f1o y resistencia en cada proyecto.<\/p>\n<p>\ud83d\udce9 Cons\u00faltanos hoy mismo y descubr\u00ed c\u00f3mo el WPC puede revolucionar tus espacios<\/p>\n<div data-test='contact-form' id='contact-form-47744' class='wp-block-jetpack-contact-form-container '>\n<form action='https:\/\/byfilgueira.com\/index.php\/producto\/revestiminetos-wpc\/#contact-form-47744' method='post' class='contact-form commentsblock'>\n<script>\n\t\t\t( function () {\n\t\t\t\tconst contact_forms = document.getElementsByClassName('contact-form');\n\n\t\t\t\tfor ( const form of contact_forms ) {\n\t\t\t\t\tform.onsubmit = function() {\n\t\t\t\t\t\tconst buttons = form.getElementsByTagName('button');\n\n\t\t\t\t\t\tfor( const button of buttons ) {\n\t\t\t\t\t\t\tbutton.setAttribute('disabled', true);\n\t\t\t\t\t\t}\n\t\t\t\t\t}\n\t\t\t\t}\n\t\t\t} )();\n\t\t<\/script>\n<div style=\"\" class='grunion-field-name-wrap grunion-field-wrap'  >\n<label\n\t\t\t\tfor='g47744-nombre'\n\t\t\t\tclass='grunion-field-label name'\n\t\t\t\t>Nombre<span>(obligatorio)<\/span><\/label>\n<input\n\t\t\t\t\ttype='text'\n\t\t\t\t\tname='g47744-nombre'\n\t\t\t\t\tid='g47744-nombre'\n\t\t\t\t\tvalue=''\n\t\t\t\t\tclass='name  grunion-field' \n\t\t\t\t\trequired aria-required='true' \/>\n\t<\/div>\n\n<div style=\"\" class='grunion-field-email-wrap grunion-field-wrap'  >\n<label\n\t\t\t\tfor='g47744-correoelectrnico'\n\t\t\t\tclass='grunion-field-label email'\n\t\t\t\t>Correo electr\u00f3nico<span>(obligatorio)<\/span><\/label>\n<input\n\t\t\t\t\ttype='email'\n\t\t\t\t\tname='g47744-correoelectrnico'\n\t\t\t\t\tid='g47744-correoelectrnico'\n\t\t\t\t\tvalue=''\n\t\t\t\t\tclass='email  grunion-field' \n\t\t\t\t\trequired aria-required='true' \/>\n\t<\/div>\n\n<div style=\"\" class='grunion-field-textarea-wrap grunion-field-wrap'  >\n<label\n\t\t\t\tfor='contact-form-comment-g47744-mensaje'\n\t\t\t\tclass='grunion-field-label textarea'\n\t\t\t\t>Mensaje<\/label>\n<textarea\n\t\t                style=''\n\t\t                name='g47744-mensaje'\n\t\t                id='contact-form-comment-g47744-mensaje'\n\t\t                rows='20' class='textarea  grunion-field'  ><\/textarea>\n\t<\/div>\n\t<p class='contact-submit'>\n\t\t<button type='submit' class='pushbutton-wide'>Enviar<\/button>\t\t<input type='hidden' name='contact-form-id' value='47744' \/>\n\t\t<input type='hidden' name='action' value='grunion-contact-form' \/>\n\t\t<input type='hidden' name='contact-form-hash' value='f209b571911077b8fe00006602635a0870ccce2c' \/>\n\t<\/p>\n<\/form>\n<\/div>\n","protected":false},"excerpt":{"rendered":"<div style=\"text-align: left;\"><strong>Innovaci\u00f3n y Durabilidad para Tus Espacios<\/strong><\/div>\n<div style=\"text-align: left;\"><\/div>\n<div style=\"text-align: left;\">El revestimiento WPC (Wood Plastic Composite) es la soluci\u00f3n ideal para quienes buscan combinar dise\u00f1o moderno, resistencia y sostenibilidad en sus proyectos. Fabricado con una mezcla de fibras de madera y pol\u00edmeros de alta calidad, este material es perfecto para interiores y exteriores, garantizando un acabado impecable y de larga duraci\u00f3n.<\/div>\n<div style=\"text-align: left;\"><\/div>\n<div style=\"text-align: left;\"><strong>Caracter\u00edsticas Principales:<\/strong><\/div>\n<div style=\"text-align: left;\">\u2022\ud83c\udf3f Resistente al agua y a la humedad: Ideal para zonas costeras o ambientes h\u00famedos.<\/div>\n<div style=\"text-align: left;\">\u2022\ud83c\udf1e Durabilidad extrema: Soporta cambios clim\u00e1ticos, rayos UV y el paso del tiempo sin deformarse ni decolorarse.<\/div>\n<div style=\"text-align: left;\">\u2022\ud83d\udee0\ufe0f F\u00e1cil instalaci\u00f3n y mantenimiento: Requiere un m\u00ednimo esfuerzo para mantenerlo siempre como nuevo.<\/div>\n<p><!--more--><\/p>\n<div style=\"text-align: left;\">\u2022\u267b Sostenible: Fabricado con materiales reciclados, contribuye a proyectos eco amigables.<\/div>\n<div style=\"text-align: left;\">\u2022\ud83c\udfa8 Est\u00e9tica vers\u00e1til: Disponible en una amplia variedad de colores y texturas que imitan la madera natural.<\/div>\n<div><\/div>\n<div style=\"text-align: left;\">Usos Comunes:<\/div>\n<div style=\"text-align: left;\">\u2022Revestimiento de fachadas y paredes.<\/div>\n<div style=\"text-align: left;\">\u2022Terrazas, p\u00e9rgolas y balcones.<\/div>\n<div style=\"text-align: left;\">\u2022Decoraci\u00f3n de interiores modernos y funcionales<\/div>\n","protected":false},"featured_media":48103,"comment_status":"open","ping_status":"closed","template":"","meta":{"_uag_custom_page_level_css":"","jetpack_post_was_ever_published":false},"product_cat":[284],"product_tag":[],"class_list":["post-47744","product","type-product","status-publish","has-post-thumbnail","hentry","product_cat-revestimientos","pa_color-beige","pa_color-negro-mate","pa_color-blanco","pa_color-dorado","pa_color-gris","pa_color-marron","pa_color-marron-claro","pa_color-marron-oscuro","pa_color-rosa","pa_material-wpc","description-off"],"uagb_featured_image_src":{"full":["https:\/\/byfilgueira.com\/wp-content\/uploads\/2023\/01\/Destacada_wall_panel_wpc__1__aac19cd6-83cd-4954-a289-5d4d9ef17e5f.png",800,800,false],"thumbnail":["https:\/\/byfilgueira.com\/wp-content\/uploads\/2023\/01\/Destacada_wall_panel_wpc__1__aac19cd6-83cd-4954-a289-5d4d9ef17e5f-150x150.png",150,150,true],"medium":["https:\/\/byfilgueira.com\/wp-content\/uploads\/2023\/01\/Destacada_wall_panel_wpc__1__aac19cd6-83cd-4954-a289-5d4d9ef17e5f-300x300.png",300,300,true],"medium_large":["https:\/\/byfilgueira.com\/wp-content\/uploads\/2023\/01\/Destacada_wall_panel_wpc__1__aac19cd6-83cd-4954-a289-5d4d9ef17e5f-768x768.png",768,768,true],"large":["https:\/\/byfilgueira.com\/wp-content\/uploads\/2023\/01\/Destacada_wall_panel_wpc__1__aac19cd6-83cd-4954-a289-5d4d9ef17e5f.png",800,800,false],"1536x1536":["https:\/\/byfilgueira.com\/wp-content\/uploads\/2023\/01\/Destacada_wall_panel_wpc__1__aac19cd6-83cd-4954-a289-5d4d9ef17e5f.png",800,800,false],"2048x2048":["https:\/\/byfilgueira.com\/wp-content\/uploads\/2023\/01\/Destacada_wall_panel_wpc__1__aac19cd6-83cd-4954-a289-5d4d9ef17e5f.png",800,800,false],"woocommerce_thumbnail":["https:\/\/byfilgueira.com\/wp-content\/uploads\/2023\/01\/Destacada_wall_panel_wpc__1__aac19cd6-83cd-4954-a289-5d4d9ef17e5f-600x600.png",600,600,true],"woocommerce_single":["https:\/\/byfilgueira.com\/wp-content\/uploads\/2023\/01\/Destacada_wall_panel_wpc__1__aac19cd6-83cd-4954-a289-5d4d9ef17e5f.png",800,800,false],"woocommerce_gallery_thumbnail":["https:\/\/byfilgueira.com\/wp-content\/uploads\/2023\/01\/Destacada_wall_panel_wpc__1__aac19cd6-83cd-4954-a289-5d4d9ef17e5f-200x200.png",200,200,true]},"uagb_author_info":{"display_name":"Jonathan Alfonso","author_link":"https:\/\/byfilgueira.com\/index.php\/author\/"},"uagb_comment_info":0,"uagb_excerpt":"Innovaci\u00f3n y Durabilidad para Tus Espacios El revestimiento WPC (Wood Plastic Composite) es la soluci\u00f3n ideal para quienes buscan combinar dise\u00f1o moderno, resistencia y sostenibilidad en sus proyectos. Fabricado con una mezcla de fibras de madera y pol\u00edmeros de alta calidad, este material es perfecto para interiores y exteriores, garantizando un acabado impecable y de&hellip;","_links":{"self":[{"href":"https:\/\/byfilgueira.com\/index.php\/wp-json\/wp\/v2\/product\/47744","targetHints":{"allow":["GET"]}}],"collection":[{"href":"https:\/\/byfilgueira.com\/index.php\/wp-json\/wp\/v2\/product"}],"about":[{"href":"https:\/\/byfilgueira.com\/index.php\/wp-json\/wp\/v2\/types\/product"}],"replies":[{"embeddable":true,"href":"https:\/\/byfilgueira.com\/index.php\/wp-json\/wp\/v2\/comments?post=47744"}],"version-history":[{"count":7,"href":"https:\/\/byfilgueira.com\/index.php\/wp-json\/wp\/v2\/product\/47744\/revisions"}],"predecessor-version":[{"id":48536,"href":"https:\/\/byfilgueira.com\/index.php\/wp-json\/wp\/v2\/product\/47744\/revisions\/48536"}],"wp:featuredmedia":[{"embeddable":true,"href":"https:\/\/byfilgueira.com\/index.php\/wp-json\/wp\/v2\/media\/48103"}],"wp:attachment":[{"href":"https:\/\/byfilgueira.com\/index.php\/wp-json\/wp\/v2\/media?parent=47744"}],"wp:term":[{"taxonomy":"product_cat","embeddable":true,"href":"https:\/\/byfilgueira.com\/index.php\/wp-json\/wp\/v2\/product_cat?post=47744"},{"taxonomy":"product_tag","embeddable":true,"href":"https:\/\/byfilgueira.com\/index.php\/wp-json\/wp\/v2\/product_tag?post=47744"}],"curies":[{"name":"wp","href":"https:\/\/api.w.org\/{rel}","templated":true}]}}