{"id":47753,"date":"2023-01-08T01:33:34","date_gmt":"2023-01-08T04:33:34","guid":{"rendered":"https:\/\/byfilgueira.com\/?post_type=product&#038;p=47753"},"modified":"2023-01-08T01:33:34","modified_gmt":"2023-01-08T04:33:34","slug":"barandas-de-vidrio","status":"publish","type":"product","link":"https:\/\/byfilgueira.com\/index.php\/producto\/barandas-de-vidrio\/","title":{"rendered":"Barandas de vidrio"},"content":{"rendered":"<p>La transparencia del vidrio en una baranda le da a un espacio un alto valor a\u00f1adido: permite total conexi\u00f3n visual con el exterior sin renunciar a la seguridad necesaria.<\/p>\n<p>El sistema GLASS RAIL fija el vidrio s\u00f3lo en su base y evita interrupciones visuales: elementos verticales y horizontales se eliminan para conectar fuertemente el espacio con el ambiente exterior. Con su car\u00e1cter atemporal, la barandilla de vidrio sigue hoy en total vigencia.<\/p>\n<p>Destaca por la limpieza de sus formas, y su abanico de opciones hace de ella un sistema muy vers\u00e1til. Se trata de un sistema estructurado por rieles que se fijan en piezas de anclaje propias del sistema. En ellas se instalan el resto de los componentes: pasamanos o barandal, vidrio, barrotes, etc. La barandilla nos aporta un dise\u00f1o m\u00e1s cl\u00e1sico que las anteriores. permite adaptarse a cualquier tipo de construcci\u00f3n.<\/p>\n<p>La pureza de los ambientes de las barandas de vidrio son algo inigualable a la hora de la convivencia en el hogar conjuntamente con la claridad y hermosura que provoca al poder visualizar todos los ambientes.<\/p>\n","protected":false},"excerpt":{"rendered":"<p>La transparencia del vidrio en una baranda le da a un espacio un alto valor a\u00f1adido: permite total conexi\u00f3n visual con el exterior sin renunciar a la seguridad necesaria.<\/p>\n","protected":false},"featured_media":47754,"comment_status":"open","ping_status":"closed","template":"","meta":{"_uag_custom_page_level_css":"","jetpack_post_was_ever_published":false},"product_cat":[287],"product_tag":[],"class_list":["post-47753","product","type-product","status-publish","has-post-thumbnail","hentry","product_cat-barandas"],"uagb_featured_image_src":{"full":["https:\/\/byfilgueira.com\/wp-content\/uploads\/2023\/01\/011-baranda-vidrio-a.jpg",939,736,false],"thumbnail":["https:\/\/byfilgueira.com\/wp-content\/uploads\/2023\/01\/011-baranda-vidrio-a-150x150.jpg",150,150,true],"medium":["https:\/\/byfilgueira.com\/wp-content\/uploads\/2023\/01\/011-baranda-vidrio-a-300x235.jpg",300,235,true],"medium_large":["https:\/\/byfilgueira.com\/wp-content\/uploads\/2023\/01\/011-baranda-vidrio-a-768x602.jpg",768,602,true],"large":["https:\/\/byfilgueira.com\/wp-content\/uploads\/2023\/01\/011-baranda-vidrio-a.jpg",939,736,false],"1536x1536":["https:\/\/byfilgueira.com\/wp-content\/uploads\/2023\/01\/011-baranda-vidrio-a.jpg",939,736,false],"2048x2048":["https:\/\/byfilgueira.com\/wp-content\/uploads\/2023\/01\/011-baranda-vidrio-a.jpg",939,736,false],"woocommerce_thumbnail":["https:\/\/byfilgueira.com\/wp-content\/uploads\/2023\/01\/011-baranda-vidrio-a-600x600.jpg",600,600,true],"woocommerce_single":["https:\/\/byfilgueira.com\/wp-content\/uploads\/2023\/01\/011-baranda-vidrio-a.jpg",939,736,false],"woocommerce_gallery_thumbnail":["https:\/\/byfilgueira.com\/wp-content\/uploads\/2023\/01\/011-baranda-vidrio-a-200x200.jpg",200,200,true]},"uagb_author_info":{"display_name":"Jonathan Alfonso","author_link":"https:\/\/byfilgueira.com\/index.php\/author\/"},"uagb_comment_info":0,"uagb_excerpt":"La transparencia del vidrio en una baranda le da a un espacio un alto valor a\u00f1adido: permite total conexi\u00f3n visual con el exterior sin renunciar a la seguridad necesaria.","_links":{"self":[{"href":"https:\/\/byfilgueira.com\/index.php\/wp-json\/wp\/v2\/product\/47753","targetHints":{"allow":["GET"]}}],"collection":[{"href":"https:\/\/byfilgueira.com\/index.php\/wp-json\/wp\/v2\/product"}],"about":[{"href":"https:\/\/byfilgueira.com\/index.php\/wp-json\/wp\/v2\/types\/product"}],"replies":[{"embeddable":true,"href":"https:\/\/byfilgueira.com\/index.php\/wp-json\/wp\/v2\/comments?post=47753"}],"version-history":[{"count":1,"href":"https:\/\/byfilgueira.com\/index.php\/wp-json\/wp\/v2\/product\/47753\/revisions"}],"predecessor-version":[{"id":47756,"href":"https:\/\/byfilgueira.com\/index.php\/wp-json\/wp\/v2\/product\/47753\/revisions\/47756"}],"wp:featuredmedia":[{"embeddable":true,"href":"https:\/\/byfilgueira.com\/index.php\/wp-json\/wp\/v2\/media\/47754"}],"wp:attachment":[{"href":"https:\/\/byfilgueira.com\/index.php\/wp-json\/wp\/v2\/media?parent=47753"}],"wp:term":[{"taxonomy":"product_cat","embeddable":true,"href":"https:\/\/byfilgueira.com\/index.php\/wp-json\/wp\/v2\/product_cat?post=47753"},{"taxonomy":"product_tag","embeddable":true,"href":"https:\/\/byfilgueira.com\/index.php\/wp-json\/wp\/v2\/product_tag?post=47753"}],"curies":[{"name":"wp","href":"https:\/\/api.w.org\/{rel}","templated":true}]}}