{"id":48325,"date":"2023-02-15T11:43:57","date_gmt":"2023-02-15T14:43:57","guid":{"rendered":"https:\/\/byfilgueira.com\/?post_type=product&#038;p=48325"},"modified":"2023-02-15T11:45:01","modified_gmt":"2023-02-15T14:45:01","slug":"bloques-de-hormigon-celular","status":"publish","type":"product","link":"https:\/\/byfilgueira.com\/index.php\/producto\/bloques-de-hormigon-celular\/","title":{"rendered":"Bloques de Hormig\u00f3n Celular"},"content":{"rendered":"<p>El hormig\u00f3n celular es la mejor opci\u00f3n para los diversos climas por su auto regulaci\u00f3n t\u00e9rmica. Es importante que se conozca que, al aumentar el aislamiento t\u00e9rmico en una estructura,<br \/>\nse presentar\u00e1n importantes ahorros en la implementaci\u00f3n de equipos de calefacci\u00f3n o de aire acondicionado<\/p>\n<p>Ofrece 5 veces m\u00e1s aislamiento ac\u00fastico que el hormig\u00f3n normal y 3 veces m\u00e1s que los ticholos o bloques cer\u00e1micos.<\/p>\n<p>Por su bajo peso y gran valor CT ofrece un mejor comportamiento al fuego directo.<\/p>\n<p>Es muy practico para su colocaci\u00f3n , es utilizado para diversas cosa como Construcciones , como muro de carga, con cubiertas livianas, divisiones Internas, separaci\u00f3n de ambientes, como revestimiento exterior recubriendo pantallas, columnas<br \/>\no vigas de hormig\u00f3n com\u00fan, entrepiso, construcciones y remodelaciones sobre estructuras ya construidas para aligerar peso, relleno en pisos y contra pisos por su baja carga muerta, se pueden construir edificaciones de varios pisos con estructura tipo p\u00f3rtico de hormig\u00f3n o estructura<br \/>\nmet\u00e1lica, etc.<\/p>\n<p>Las materias primas utilizadas para la elaboraci\u00f3n de los bloques son reconocidas como de calidad superior , adem\u00e1s permitimos ajustarnos en cuanto a tama\u00f1o y densidad seg\u00fan su deseo<\/p>\n<p>&nbsp;<\/p>\n<p>&nbsp;<\/p>\n","protected":false},"excerpt":{"rendered":"<p>El Hormig\u00f3n celular es la mejor opci\u00f3n a la hora de construir , por su eficiencia t\u00e9rmica , ac\u00fastica y practica<\/p>\n<p>Las materias primas utilizadas para la elaboraci\u00f3n de los bloques son reconocidas como de calidad superior , adem\u00e1s permitimos ajustarnos en cuanto a tama\u00f1o y densidad seg\u00fan su deseo<\/p>\n<p>&nbsp;<\/p>\n","protected":false},"featured_media":48329,"comment_status":"open","ping_status":"closed","template":"","meta":{"_uag_custom_page_level_css":"","jetpack_post_was_ever_published":false},"product_cat":[289],"product_tag":[],"class_list":["post-48325","product","type-product","status-publish","has-post-thumbnail","hentry","product_cat-hormigon","description-off"],"uagb_featured_image_src":{"full":["https:\/\/byfilgueira.com\/wp-content\/uploads\/2023\/02\/bloque-celular-1.png",339,285,false],"thumbnail":["https:\/\/byfilgueira.com\/wp-content\/uploads\/2023\/02\/bloque-celular-1-150x150.png",150,150,true],"medium":["https:\/\/byfilgueira.com\/wp-content\/uploads\/2023\/02\/bloque-celular-1-300x252.png",300,252,true],"medium_large":["https:\/\/byfilgueira.com\/wp-content\/uploads\/2023\/02\/bloque-celular-1.png",339,285,false],"large":["https:\/\/byfilgueira.com\/wp-content\/uploads\/2023\/02\/bloque-celular-1.png",339,285,false],"1536x1536":["https:\/\/byfilgueira.com\/wp-content\/uploads\/2023\/02\/bloque-celular-1.png",339,285,false],"2048x2048":["https:\/\/byfilgueira.com\/wp-content\/uploads\/2023\/02\/bloque-celular-1.png",339,285,false],"woocommerce_thumbnail":["https:\/\/byfilgueira.com\/wp-content\/uploads\/2023\/02\/bloque-celular-1.png",339,285,false],"woocommerce_single":["https:\/\/byfilgueira.com\/wp-content\/uploads\/2023\/02\/bloque-celular-1.png",339,285,false],"woocommerce_gallery_thumbnail":["https:\/\/byfilgueira.com\/wp-content\/uploads\/2023\/02\/bloque-celular-1-200x200.png",200,200,true]},"uagb_author_info":{"display_name":"Nataly Gonzalez","author_link":"https:\/\/byfilgueira.com\/index.php\/author\/"},"uagb_comment_info":0,"uagb_excerpt":"El Hormig\u00f3n celular es la mejor opci\u00f3n a la hora de construir , por su eficiencia t\u00e9rmica , ac\u00fastica y practica Las materias primas utilizadas para la elaboraci\u00f3n de los bloques son reconocidas como de calidad superior , adem\u00e1s permitimos ajustarnos en cuanto a tama\u00f1o y densidad seg\u00fan su deseo &nbsp;","_links":{"self":[{"href":"https:\/\/byfilgueira.com\/index.php\/wp-json\/wp\/v2\/product\/48325","targetHints":{"allow":["GET"]}}],"collection":[{"href":"https:\/\/byfilgueira.com\/index.php\/wp-json\/wp\/v2\/product"}],"about":[{"href":"https:\/\/byfilgueira.com\/index.php\/wp-json\/wp\/v2\/types\/product"}],"replies":[{"embeddable":true,"href":"https:\/\/byfilgueira.com\/index.php\/wp-json\/wp\/v2\/comments?post=48325"}],"version-history":[{"count":2,"href":"https:\/\/byfilgueira.com\/index.php\/wp-json\/wp\/v2\/product\/48325\/revisions"}],"predecessor-version":[{"id":48333,"href":"https:\/\/byfilgueira.com\/index.php\/wp-json\/wp\/v2\/product\/48325\/revisions\/48333"}],"wp:featuredmedia":[{"embeddable":true,"href":"https:\/\/byfilgueira.com\/index.php\/wp-json\/wp\/v2\/media\/48329"}],"wp:attachment":[{"href":"https:\/\/byfilgueira.com\/index.php\/wp-json\/wp\/v2\/media?parent=48325"}],"wp:term":[{"taxonomy":"product_cat","embeddable":true,"href":"https:\/\/byfilgueira.com\/index.php\/wp-json\/wp\/v2\/product_cat?post=48325"},{"taxonomy":"product_tag","embeddable":true,"href":"https:\/\/byfilgueira.com\/index.php\/wp-json\/wp\/v2\/product_tag?post=48325"}],"curies":[{"name":"wp","href":"https:\/\/api.w.org\/{rel}","templated":true}]}}