{"id":48454,"date":"2024-04-27T15:50:07","date_gmt":"2024-04-27T18:50:07","guid":{"rendered":"https:\/\/byfilgueira.com\/?post_type=product&#038;p=48454"},"modified":"2024-06-04T14:33:23","modified_gmt":"2024-06-04T17:33:23","slug":"placas-de-revestimiento-simil-marmol","status":"publish","type":"product","link":"https:\/\/byfilgueira.com\/index.php\/producto\/placas-de-revestimiento-simil-marmol\/","title":{"rendered":"Placas de revestimiento s\u00edmil m\u00e1rmol"},"content":{"rendered":"<p>Placa de revestimiento resistente al calor y rayos solares, resistente a la humedad y a productos de limpieza convencionales (No abrasivos) y lavables.<br \/>\nResistente al agua. Se pueden colocar en cualquier parte del ba\u00f1o, cocina, incluyendo en la ducha y sobre ba\u00f1eras o jacuzzi.<\/p>\n","protected":false},"excerpt":{"rendered":"<p>Estos revestimientos son la \u00faltima tendencia en dise\u00f1o de interiores, su imitaci\u00f3n m\u00e1rmol y su brillo hacen que tu hogar luzca de una manera incre\u00edble. La versatilidad de usos que puede tener este material, debido a su impermeabilidad y resistencia a diversos factores, es muy amplio.<\/p>\n","protected":false},"featured_media":48456,"comment_status":"open","ping_status":"closed","template":"","meta":{"_uag_custom_page_level_css":"","jetpack_post_was_ever_published":false},"product_cat":[284],"product_tag":[],"class_list":["post-48454","product","type-product","status-publish","has-post-thumbnail","hentry","product_cat-revestimientos","pa_color-blanco","pa_material-pvc","description-off"],"uagb_featured_image_src":{"full":["https:\/\/byfilgueira.com\/wp-content\/uploads\/2024\/04\/WhatsApp-Image-2024-04-04-at-11.32.26-AM-1.jpeg",1200,1200,false],"thumbnail":["https:\/\/byfilgueira.com\/wp-content\/uploads\/2024\/04\/WhatsApp-Image-2024-04-04-at-11.32.26-AM-1-150x150.jpeg",150,150,true],"medium":["https:\/\/byfilgueira.com\/wp-content\/uploads\/2024\/04\/WhatsApp-Image-2024-04-04-at-11.32.26-AM-1-300x300.jpeg",300,300,true],"medium_large":["https:\/\/byfilgueira.com\/wp-content\/uploads\/2024\/04\/WhatsApp-Image-2024-04-04-at-11.32.26-AM-1-768x768.jpeg",768,768,true],"large":["https:\/\/byfilgueira.com\/wp-content\/uploads\/2024\/04\/WhatsApp-Image-2024-04-04-at-11.32.26-AM-1-1024x1024.jpeg",1024,1024,true],"1536x1536":["https:\/\/byfilgueira.com\/wp-content\/uploads\/2024\/04\/WhatsApp-Image-2024-04-04-at-11.32.26-AM-1.jpeg",1200,1200,false],"2048x2048":["https:\/\/byfilgueira.com\/wp-content\/uploads\/2024\/04\/WhatsApp-Image-2024-04-04-at-11.32.26-AM-1.jpeg",1200,1200,false],"woocommerce_thumbnail":["https:\/\/byfilgueira.com\/wp-content\/uploads\/2024\/04\/WhatsApp-Image-2024-04-04-at-11.32.26-AM-1-600x600.jpeg",600,600,true],"woocommerce_single":["https:\/\/byfilgueira.com\/wp-content\/uploads\/2024\/04\/WhatsApp-Image-2024-04-04-at-11.32.26-AM-1.jpeg",1200,1200,false],"woocommerce_gallery_thumbnail":["https:\/\/byfilgueira.com\/wp-content\/uploads\/2024\/04\/WhatsApp-Image-2024-04-04-at-11.32.26-AM-1-200x200.jpeg",200,200,true]},"uagb_author_info":{"display_name":"Nataly Gonzalez","author_link":"https:\/\/byfilgueira.com\/index.php\/author\/"},"uagb_comment_info":0,"uagb_excerpt":"Estos revestimientos son la \u00faltima tendencia en dise\u00f1o de interiores, su imitaci\u00f3n m\u00e1rmol y su brillo hacen que tu hogar luzca de una manera incre\u00edble. La versatilidad de usos que puede tener este material, debido a su impermeabilidad y resistencia a diversos factores, es muy amplio.","_links":{"self":[{"href":"https:\/\/byfilgueira.com\/index.php\/wp-json\/wp\/v2\/product\/48454","targetHints":{"allow":["GET"]}}],"collection":[{"href":"https:\/\/byfilgueira.com\/index.php\/wp-json\/wp\/v2\/product"}],"about":[{"href":"https:\/\/byfilgueira.com\/index.php\/wp-json\/wp\/v2\/types\/product"}],"replies":[{"embeddable":true,"href":"https:\/\/byfilgueira.com\/index.php\/wp-json\/wp\/v2\/comments?post=48454"}],"version-history":[{"count":3,"href":"https:\/\/byfilgueira.com\/index.php\/wp-json\/wp\/v2\/product\/48454\/revisions"}],"predecessor-version":[{"id":48505,"href":"https:\/\/byfilgueira.com\/index.php\/wp-json\/wp\/v2\/product\/48454\/revisions\/48505"}],"wp:featuredmedia":[{"embeddable":true,"href":"https:\/\/byfilgueira.com\/index.php\/wp-json\/wp\/v2\/media\/48456"}],"wp:attachment":[{"href":"https:\/\/byfilgueira.com\/index.php\/wp-json\/wp\/v2\/media?parent=48454"}],"wp:term":[{"taxonomy":"product_cat","embeddable":true,"href":"https:\/\/byfilgueira.com\/index.php\/wp-json\/wp\/v2\/product_cat?post=48454"},{"taxonomy":"product_tag","embeddable":true,"href":"https:\/\/byfilgueira.com\/index.php\/wp-json\/wp\/v2\/product_tag?post=48454"}],"curies":[{"name":"wp","href":"https:\/\/api.w.org\/{rel}","templated":true}]}}